{"id":12,"date":"2024-05-22T14:23:08","date_gmt":"2024-05-22T14:23:08","guid":{"rendered":"https:\/\/www.arbotek.fi\/?page_id=12"},"modified":"2024-05-22T14:24:52","modified_gmt":"2024-05-22T14:24:52","slug":"construction","status":"publish","type":"page","link":"https:\/\/www.arbotek.fi\/fi\/","title":{"rendered":"Arbotek Ab Oy"},"content":{"rendered":"<div class=\"wp-block-group alignfull has-accent-4-background-color has-background is-vertical is-content-justification-center is-nowrap is-layout-flex wp-container-core-group-is-layout-3 wp-block-group-is-layout-flex\" style=\"min-height:100vh;margin-top:0;margin-bottom:0;padding-top:var(--wp--preset--spacing--50);padding-right:var(--wp--preset--spacing--50);padding-bottom:var(--wp--preset--spacing--50);padding-left:var(--wp--preset--spacing--50)\">\n<div class=\"wp-block-columns alignwide are-vertically-aligned-center is-layout-flex wp-container-core-columns-is-layout-1 wp-block-columns-is-layout-flex\">\n<div class=\"wp-block-column is-vertically-aligned-center is-layout-flow wp-block-column-is-layout-flow\" style=\"flex-basis:40%\">\n<div class=\"wp-block-group is-layout-flow wp-container-core-group-is-layout-2 wp-block-group-is-layout-flow\" style=\"min-height:100%;margin-top:0;margin-bottom:0;padding-right:0;padding-left:0\">\n<h1 class=\"wp-block-heading has-text-align-right\" style=\"margin-right:0;margin-left:calc( var(--wp--preset--spacing--20) * -1);font-size:clamp(5.174rem, 5.174rem + ((1vw - 0.2rem) * 11.377), 12rem);line-height:1;writing-mode:vertical-rl\">Hei!<\/h1>\n\n\n\n<div class=\"wp-block-group has-global-padding is-content-justification-left is-layout-constrained wp-container-core-group-is-layout-1 wp-block-group-is-layout-constrained\" style=\"padding-right:0;padding-left:0\">\n<p class=\"wp-container-content-1\">Olemme rakentemassa kotisivuja. Ota yhteytt\u00e4 arboristi Per-Oskar Joenpeltoon, jos sinulla on kysymyksi\u00e4!<\/p>\n\n\n\n<div class=\"wp-block-buttons is-layout-flex wp-block-buttons-is-layout-flex\">\n<div class=\"wp-block-button\"><a class=\"wp-block-button__link wp-element-button\" href=\"tel:0405755652\">Soita Per-Oskarille<\/a><\/div>\n<\/div>\n<\/div>\n<\/div>\n<\/div>\n\n\n\n<div class=\"wp-block-column is-vertically-aligned-top is-layout-flow wp-block-column-is-layout-flow\" style=\"flex-basis:60%\">\n<figure class=\"wp-block-image size-large is-style-rounded\"><img loading=\"lazy\" decoding=\"async\" width=\"1024\" height=\"683\" src=\"https:\/\/www.arbotek.fi\/wp-content\/uploads\/2024\/05\/Corylus_avellana_euroopanpahkinapensas_9503-1024x683.jpg\" alt=\"\" class=\"wp-image-13\" style=\"aspect-ratio:3\/4;object-fit:cover\" srcset=\"https:\/\/www.arbotek.fi\/wp-content\/uploads\/2024\/05\/Corylus_avellana_euroopanpahkinapensas_9503-1024x683.jpg 1024w, https:\/\/www.arbotek.fi\/wp-content\/uploads\/2024\/05\/Corylus_avellana_euroopanpahkinapensas_9503-300x200.jpg 300w, https:\/\/www.arbotek.fi\/wp-content\/uploads\/2024\/05\/Corylus_avellana_euroopanpahkinapensas_9503-768x512.jpg 768w, https:\/\/www.arbotek.fi\/wp-content\/uploads\/2024\/05\/Corylus_avellana_euroopanpahkinapensas_9503-1536x1024.jpg 1536w, https:\/\/www.arbotek.fi\/wp-content\/uploads\/2024\/05\/Corylus_avellana_euroopanpahkinapensas_9503-2048x1365.jpg 2048w\" sizes=\"(max-width: 1024px) 100vw, 1024px\" \/><\/figure>\n<\/div>\n<\/div>\n<\/div>","protected":false},"excerpt":{"rendered":"<p>Hej! Vi h\u00e5ller p\u00e5 att bygga denna hemsida. Kontakta Per-Oskar Joenpelto om du har fr\u00e5gor!<\/p>","protected":false},"author":1,"featured_media":0,"parent":0,"menu_order":0,"comment_status":"closed","ping_status":"closed","template":"","meta":{"footnotes":""},"_links":{"self":[{"href":"https:\/\/www.arbotek.fi\/fi\/wp-json\/wp\/v2\/pages\/12"}],"collection":[{"href":"https:\/\/www.arbotek.fi\/fi\/wp-json\/wp\/v2\/pages"}],"about":[{"href":"https:\/\/www.arbotek.fi\/fi\/wp-json\/wp\/v2\/types\/page"}],"author":[{"embeddable":true,"href":"https:\/\/www.arbotek.fi\/fi\/wp-json\/wp\/v2\/users\/1"}],"replies":[{"embeddable":true,"href":"https:\/\/www.arbotek.fi\/fi\/wp-json\/wp\/v2\/comments?post=12"}],"version-history":[{"count":2,"href":"https:\/\/www.arbotek.fi\/fi\/wp-json\/wp\/v2\/pages\/12\/revisions"}],"predecessor-version":[{"id":15,"href":"https:\/\/www.arbotek.fi\/fi\/wp-json\/wp\/v2\/pages\/12\/revisions\/15"}],"wp:attachment":[{"href":"https:\/\/www.arbotek.fi\/fi\/wp-json\/wp\/v2\/media?parent=12"}],"curies":[{"name":"wp","href":"https:\/\/api.w.org\/{rel}","templated":true}]}}